{"id":345,"date":"2022-02-02T10:12:09","date_gmt":"2022-02-02T09:12:09","guid":{"rendered":"https:\/\/elco.agenturamflughafen.com\/impronta\/"},"modified":"2022-02-17T08:02:52","modified_gmt":"2022-02-17T07:02:52","slug":"impronta","status":"publish","type":"page","link":"https:\/\/elco.agenturamflughafen.com\/it\/impronta\/","title":{"rendered":"impronta"},"content":{"rendered":"\t\t<div data-elementor-type=\"wp-page\" data-elementor-id=\"345\" class=\"elementor elementor-345 elementor-339\" data-elementor-settings=\"[]\">\n\t\t\t\t\t\t\t<div class=\"elementor-section-wrap\">\n\t\t\t\t\t\t\t<section class=\"elementor-section elementor-top-section elementor-element elementor-element-acc5a42 elementor-section-boxed elementor-section-height-default elementor-section-height-default\" data-id=\"acc5a42\" data-element_type=\"section\">\n\t\t\t\t\t\t<div class=\"elementor-container elementor-column-gap-default\">\n\t\t\t\t\t<div class=\"elementor-column elementor-col-100 elementor-top-column elementor-element elementor-element-22b1cca\" data-id=\"22b1cca\" data-element_type=\"column\">\n\t\t\t<div class=\"elementor-widget-wrap elementor-element-populated\">\n\t\t\t\t\t\t\t\t<div class=\"elementor-element elementor-element-b8b36a1 elementor-widget elementor-widget-heading\" data-id=\"b8b36a1\" data-element_type=\"widget\" data-widget_type=\"heading.default\">\n\t\t\t\t<div class=\"elementor-widget-container\">\n\t\t\t<h2 class=\"elementor-heading-title elementor-size-default\">IMPRONTA<\/h2>\t\t<\/div>\n\t\t\t\t<\/div>\n\t\t\t\t<div class=\"elementor-element elementor-element-0ffb6f1 elementor-widget elementor-widget-heading\" data-id=\"0ffb6f1\" data-element_type=\"widget\" data-widget_type=\"heading.default\">\n\t\t\t\t<div class=\"elementor-widget-container\">\n\t\t\t<h2 class=\"elementor-heading-title elementor-size-default\">Sede centrale:<\/h2>\t\t<\/div>\n\t\t\t\t<\/div>\n\t\t\t\t<div class=\"elementor-element elementor-element-534b15b elementor-widget elementor-widget-text-editor\" data-id=\"534b15b\" data-element_type=\"widget\" data-widget_type=\"text-editor.default\">\n\t\t\t\t<div class=\"elementor-widget-container\">\n\t\t\t\t\t\t\t<p>Elcotherm AG, Sarganserstrasse 100, 7324 Vilters, Svizzera<br>Telefono: +41 81 725 25 25<br>Fax: +41 81 723 13 59<br>info@ch.elco.net<br><a href=\"http:\/\/www.elcho.ch\">www.elco.ch<\/a><\/p>\t\t\t\t\t\t<\/div>\n\t\t\t\t<\/div>\n\t\t\t\t<div class=\"elementor-element elementor-element-6b79aad elementor-widget elementor-widget-heading\" data-id=\"6b79aad\" data-element_type=\"widget\" data-widget_type=\"heading.default\">\n\t\t\t\t<div class=\"elementor-widget-container\">\n\t\t\t<h2 class=\"elementor-heading-title elementor-size-default\">Consigliere delegato:<\/h2>\t\t<\/div>\n\t\t\t\t<\/div>\n\t\t\t\t<div class=\"elementor-element elementor-element-f2d13df elementor-widget elementor-widget-text-editor\" data-id=\"f2d13df\" data-element_type=\"widget\" data-widget_type=\"text-editor.default\">\n\t\t\t\t<div class=\"elementor-widget-container\">\n\t\t\t\t\t\t\t<p>Ren\u00e8 Schuermann<\/p>\t\t\t\t\t\t<\/div>\n\t\t\t\t<\/div>\n\t\t\t\t<div class=\"elementor-element elementor-element-d0bea42 elementor-widget elementor-widget-heading\" data-id=\"d0bea42\" data-element_type=\"widget\" data-widget_type=\"heading.default\">\n\t\t\t\t<div class=\"elementor-widget-container\">\n\t\t\t<h2 class=\"elementor-heading-title elementor-size-default\">Coordinate bancarie:<\/h2>\t\t<\/div>\n\t\t\t\t<\/div>\n\t\t\t\t<div class=\"elementor-element elementor-element-fcc424f elementor-widget elementor-widget-text-editor\" data-id=\"fcc424f\" data-element_type=\"widget\" data-widget_type=\"text-editor.default\">\n\t\t\t\t<div class=\"elementor-widget-container\">\n\t\t\t\t\t\t\t<p>UBS Svizzera SA, 8098 Zurigo<br>Numero di conto CHF 230-108178.01V<br>compensazione n. 230<br>IBAN: CH94 0023 0230 1081 7801 V<br>Codice Swift: UBSWCHZH80A<\/p>\t\t\t\t\t\t<\/div>\n\t\t\t\t<\/div>\n\t\t\t\t<div class=\"elementor-element elementor-element-3137388 elementor-widget elementor-widget-heading\" data-id=\"3137388\" data-element_type=\"widget\" data-widget_type=\"heading.default\">\n\t\t\t\t<div class=\"elementor-widget-container\">\n\t\t\t<h2 class=\"elementor-heading-title elementor-size-default\">Nr. UID:<\/h2>\t\t<\/div>\n\t\t\t\t<\/div>\n\t\t\t\t<div class=\"elementor-element elementor-element-6b00a75 elementor-widget elementor-widget-text-editor\" data-id=\"6b00a75\" data-element_type=\"widget\" data-widget_type=\"text-editor.default\">\n\t\t\t\t<div class=\"elementor-widget-container\">\n\t\t\t\t\t\t\t<p>CHE-103.097.491 IVA<\/p>\t\t\t\t\t\t<\/div>\n\t\t\t\t<\/div>\n\t\t\t\t<div class=\"elementor-element elementor-element-81607e8 elementor-widget elementor-widget-heading\" data-id=\"81607e8\" data-element_type=\"widget\" data-widget_type=\"heading.default\">\n\t\t\t\t<div class=\"elementor-widget-container\">\n\t\t\t<h2 class=\"elementor-heading-title elementor-size-default\">Numero aziendale:<\/h2>\t\t<\/div>\n\t\t\t\t<\/div>\n\t\t\t\t<div class=\"elementor-element elementor-element-88d3ceb elementor-widget elementor-widget-text-editor\" data-id=\"88d3ceb\" data-element_type=\"widget\" data-widget_type=\"text-editor.default\">\n\t\t\t\t<div class=\"elementor-widget-container\">\n\t\t\t\t\t\t\t<p>CH32030409913<br><br><br>Siamo lieti che siate interessati a Elcotherm AG e alla nostra offerta. Si prega di prestare attenzione alle seguenti informazioni. Utilizzando il nostro sito Web, accetti espressamente le seguenti condizioni.<br>Si applica il diritto svizzero.<\/p>\t\t\t\t\t\t<\/div>\n\t\t\t\t<\/div>\n\t\t\t\t<div class=\"elementor-element elementor-element-84ba030 elementor-widget elementor-widget-heading\" data-id=\"84ba030\" data-element_type=\"widget\" data-widget_type=\"heading.default\">\n\t\t\t\t<div class=\"elementor-widget-container\">\n\t\t\t<h2 class=\"elementor-heading-title elementor-size-default\">Disclaimer generale<\/h2>\t\t<\/div>\n\t\t\t\t<\/div>\n\t\t\t\t<div class=\"elementor-element elementor-element-055ff03 elementor-widget elementor-widget-text-editor\" data-id=\"055ff03\" data-element_type=\"widget\" data-widget_type=\"text-editor.default\">\n\t\t\t\t<div class=\"elementor-widget-container\">\n\t\t\t\t\t\t\t<p>Il contenuto di questo sito web \u00e8 solo a scopo informativo e non costituisce un&#8217;offerta vincolante. La trasmissione di informazioni dal nostro sito Web o il loro recupero e ricezione non costituisce un rapporto contrattuale tra il destinatario ed Elcotherm AG n\u00e9 alcun altro rapporto giuridico.<br><br>Elcotherm AG non garantisce che le informazioni messe a disposizione su Internet siano sempre aggiornate, corrette e complete. Se su questo sito Web sono presenti collegamenti a siti Web di terzi, Elcotherm AG non si assume alcuna responsabilit\u00e0 per la loro funzione tecnica e il loro contenuto. Qualsiasi responsabilit\u00e0 per danni derivanti direttamente o indirettamente dall&#8217;uso di questo sito Web \u00e8 esclusa nella misura consentita dalla legge.<br><br>Elcotherm AG si riserva il diritto di modificare o rimuovere singole informazioni o funzionalit\u00e0 in qualsiasi momento e senza preavviso.<\/p>\t\t\t\t\t\t<\/div>\n\t\t\t\t<\/div>\n\t\t\t\t<div class=\"elementor-element elementor-element-9f7128c elementor-widget elementor-widget-heading\" data-id=\"9f7128c\" data-element_type=\"widget\" data-widget_type=\"heading.default\">\n\t\t\t\t<div class=\"elementor-widget-container\">\n\t\t\t<h2 class=\"elementor-heading-title elementor-size-default\">Propriet\u00e0 intellettuale<\/h2>\t\t<\/div>\n\t\t\t\t<\/div>\n\t\t\t\t<div class=\"elementor-element elementor-element-dcb2560 elementor-widget elementor-widget-text-editor\" data-id=\"dcb2560\" data-element_type=\"widget\" data-widget_type=\"text-editor.default\">\n\t\t\t\t<div class=\"elementor-widget-container\">\n\t\t\t\t\t\t\t<p>Salvo diversa indicazione, tutti i diritti su informazioni, testi, immagini, illustrazioni, grafici, animazioni, video, documenti audio, ecc. qui utilizzati sono detenuti da Elcotherm AG o da una societ\u00e0 del gruppo collegata. Il contenuto di questo sito Web non pu\u00f2 essere copiato, distribuito o modificato per scopi commerciali senza il nostro previo consenso scritto.<\/p>\t\t\t\t\t\t<\/div>\n\t\t\t\t<\/div>\n\t\t\t\t<div class=\"elementor-element elementor-element-28c33db elementor-widget elementor-widget-heading\" data-id=\"28c33db\" data-element_type=\"widget\" data-widget_type=\"heading.default\">\n\t\t\t\t<div class=\"elementor-widget-container\">\n\t\t\t<h2 class=\"elementor-heading-title elementor-size-default\">privacy<\/h2>\t\t<\/div>\n\t\t\t\t<\/div>\n\t\t\t\t<div class=\"elementor-element elementor-element-8b6ab5e elementor-widget elementor-widget-text-editor\" data-id=\"8b6ab5e\" data-element_type=\"widget\" data-widget_type=\"text-editor.default\">\n\t\t\t\t<div class=\"elementor-widget-container\">\n\t\t\t\t\t\t\t<p>La sicurezza dei tuoi dati personali \u00e8 di grande importanza per noi. Naturalmente, trattiamo i vostri dati personali in modo responsabile, tenendo conto delle disposizioni della legge svizzera sulla protezione dei dati. Nella nostra dichiarazione <a title=\"Protezione dati\" href=\"https:\/\/elco.ch\/de\/datenschutzerklaerung\/\" rel=\"self\">sulla protezione dei dati<\/a> ti informiamo su quali dati raccogliamo, elaboriamo e memorizziamo e per quale scopo.<\/p>\t\t\t\t\t\t<\/div>\n\t\t\t\t<\/div>\n\t\t\t\t\t<\/div>\n\t\t<\/div>\n\t\t\t\t\t\t\t<\/div>\n\t\t<\/section>\n\t\t\t\t\t\t<\/div>\n\t\t\t\t\t<\/div>\n\t\t","protected":false},"excerpt":{"rendered":"<p>IMPRONTA Sede centrale: Elcotherm AG, Sarganserstrasse 100, 7324 Vilters, SvizzeraTelefono: +41 81 725 25 25Fax: +41 81 723 13 59info@ch.elco.netwww.elco.ch Consigliere delegato: Ren\u00e8 Schuermann Coordinate bancarie: UBS Svizzera SA, 8098 ZurigoNumero di conto CHF 230-108178.01Vcompensazione n. 230IBAN: CH94 0023 0230 1081 7801 VCodice Swift: UBSWCHZH80A Nr. UID: CHE-103.097.491 IVA Numero aziendale: CH32030409913 Siamo lieti che [&hellip;]<\/p>\n","protected":false},"author":1,"featured_media":0,"parent":0,"menu_order":0,"comment_status":"closed","ping_status":"closed","template":"","meta":{"footnotes":""},"class_list":["post-345","page","type-page","status-publish","hentry"],"acf":[],"_links":{"self":[{"href":"https:\/\/elco.agenturamflughafen.com\/it\/wp-json\/wp\/v2\/pages\/345","targetHints":{"allow":["GET"]}}],"collection":[{"href":"https:\/\/elco.agenturamflughafen.com\/it\/wp-json\/wp\/v2\/pages"}],"about":[{"href":"https:\/\/elco.agenturamflughafen.com\/it\/wp-json\/wp\/v2\/types\/page"}],"author":[{"embeddable":true,"href":"https:\/\/elco.agenturamflughafen.com\/it\/wp-json\/wp\/v2\/users\/1"}],"replies":[{"embeddable":true,"href":"https:\/\/elco.agenturamflughafen.com\/it\/wp-json\/wp\/v2\/comments?post=345"}],"version-history":[{"count":19,"href":"https:\/\/elco.agenturamflughafen.com\/it\/wp-json\/wp\/v2\/pages\/345\/revisions"}],"predecessor-version":[{"id":500,"href":"https:\/\/elco.agenturamflughafen.com\/it\/wp-json\/wp\/v2\/pages\/345\/revisions\/500"}],"wp:attachment":[{"href":"https:\/\/elco.agenturamflughafen.com\/it\/wp-json\/wp\/v2\/media?parent=345"}],"curies":[{"name":"wp","href":"https:\/\/api.w.org\/{rel}","templated":true}]}}