{"id":344,"date":"2022-02-02T10:12:09","date_gmt":"2022-02-02T09:12:09","guid":{"rendered":"https:\/\/elco.agenturamflughafen.com\/imprimer\/"},"modified":"2022-02-17T08:03:50","modified_gmt":"2022-02-17T07:03:50","slug":"imprimer","status":"publish","type":"page","link":"https:\/\/elco.agenturamflughafen.com\/fr\/imprimer\/","title":{"rendered":"imprimer"},"content":{"rendered":"\t\t<div data-elementor-type=\"wp-page\" data-elementor-id=\"344\" class=\"elementor elementor-344 elementor-339\" data-elementor-settings=\"[]\">\n\t\t\t\t\t\t\t<div class=\"elementor-section-wrap\">\n\t\t\t\t\t\t\t<section class=\"elementor-section elementor-top-section elementor-element elementor-element-acc5a42 elementor-section-boxed elementor-section-height-default elementor-section-height-default\" data-id=\"acc5a42\" data-element_type=\"section\">\n\t\t\t\t\t\t<div class=\"elementor-container elementor-column-gap-default\">\n\t\t\t\t\t<div class=\"elementor-column elementor-col-100 elementor-top-column elementor-element elementor-element-22b1cca\" data-id=\"22b1cca\" data-element_type=\"column\">\n\t\t\t<div class=\"elementor-widget-wrap elementor-element-populated\">\n\t\t\t\t\t\t\t\t<div class=\"elementor-element elementor-element-b8b36a1 elementor-widget elementor-widget-heading\" data-id=\"b8b36a1\" data-element_type=\"widget\" data-widget_type=\"heading.default\">\n\t\t\t\t<div class=\"elementor-widget-container\">\n\t\t\t<h2 class=\"elementor-heading-title elementor-size-default\">IMPRIMER<\/h2>\t\t<\/div>\n\t\t\t\t<\/div>\n\t\t\t\t<div class=\"elementor-element elementor-element-0ffb6f1 elementor-widget elementor-widget-heading\" data-id=\"0ffb6f1\" data-element_type=\"widget\" data-widget_type=\"heading.default\">\n\t\t\t\t<div class=\"elementor-widget-container\">\n\t\t\t<h2 class=\"elementor-heading-title elementor-size-default\">Quartier g\u00e9n\u00e9ral:<\/h2>\t\t<\/div>\n\t\t\t\t<\/div>\n\t\t\t\t<div class=\"elementor-element elementor-element-534b15b elementor-widget elementor-widget-text-editor\" data-id=\"534b15b\" data-element_type=\"widget\" data-widget_type=\"text-editor.default\">\n\t\t\t\t<div class=\"elementor-widget-container\">\n\t\t\t\t\t\t\t<p>Elcotherm AG, Sarganserstrasse 100, 7324 Vilters, Suisse<br>T\u00e9l\u00e9phone : +41 81 725 25 25<br>T\u00e9l\u00e9copie : +41 81 723 13 59<br>info@ch.elco.net<br><a href=\"http:\/\/www.elcho.ch\">www.elco.ch<\/a><\/p>\t\t\t\t\t\t<\/div>\n\t\t\t\t<\/div>\n\t\t\t\t<div class=\"elementor-element elementor-element-6b79aad elementor-widget elementor-widget-heading\" data-id=\"6b79aad\" data-element_type=\"widget\" data-widget_type=\"heading.default\">\n\t\t\t\t<div class=\"elementor-widget-container\">\n\t\t\t<h2 class=\"elementor-heading-title elementor-size-default\">Directeur g\u00e9n\u00e9ral:<\/h2>\t\t<\/div>\n\t\t\t\t<\/div>\n\t\t\t\t<div class=\"elementor-element elementor-element-f2d13df elementor-widget elementor-widget-text-editor\" data-id=\"f2d13df\" data-element_type=\"widget\" data-widget_type=\"text-editor.default\">\n\t\t\t\t<div class=\"elementor-widget-container\">\n\t\t\t\t\t\t\t<p>Ren\u00e9 Schuermann<\/p>\t\t\t\t\t\t<\/div>\n\t\t\t\t<\/div>\n\t\t\t\t<div class=\"elementor-element elementor-element-d0bea42 elementor-widget elementor-widget-heading\" data-id=\"d0bea42\" data-element_type=\"widget\" data-widget_type=\"heading.default\">\n\t\t\t\t<div class=\"elementor-widget-container\">\n\t\t\t<h2 class=\"elementor-heading-title elementor-size-default\">Coordonn\u00e9es bancaires:<\/h2>\t\t<\/div>\n\t\t\t\t<\/div>\n\t\t\t\t<div class=\"elementor-element elementor-element-fcc424f elementor-widget elementor-widget-text-editor\" data-id=\"fcc424f\" data-element_type=\"widget\" data-widget_type=\"text-editor.default\">\n\t\t\t\t<div class=\"elementor-widget-container\">\n\t\t\t\t\t\t\t<p>UBS Suisse SA, 8098 Zurich<br>Num\u00e9ro de compte CHF 230-108178.01V<br>d\u00e9gagement non. 230<br>IBAN : CH94 0023 0230 1081 7801 V<br>Code Swift : UBSWCHZH80A<\/p>\t\t\t\t\t\t<\/div>\n\t\t\t\t<\/div>\n\t\t\t\t<div class=\"elementor-element elementor-element-3137388 elementor-widget elementor-widget-heading\" data-id=\"3137388\" data-element_type=\"widget\" data-widget_type=\"heading.default\">\n\t\t\t\t<div class=\"elementor-widget-container\">\n\t\t\t<h2 class=\"elementor-heading-title elementor-size-default\">N\u00b0 UID&nbsp;:<\/h2>\t\t<\/div>\n\t\t\t\t<\/div>\n\t\t\t\t<div class=\"elementor-element elementor-element-6b00a75 elementor-widget elementor-widget-text-editor\" data-id=\"6b00a75\" data-element_type=\"widget\" data-widget_type=\"text-editor.default\">\n\t\t\t\t<div class=\"elementor-widget-container\">\n\t\t\t\t\t\t\t<p>CHE-103.097.491 TVA<\/p>\t\t\t\t\t\t<\/div>\n\t\t\t\t<\/div>\n\t\t\t\t<div class=\"elementor-element elementor-element-81607e8 elementor-widget elementor-widget-heading\" data-id=\"81607e8\" data-element_type=\"widget\" data-widget_type=\"heading.default\">\n\t\t\t\t<div class=\"elementor-widget-container\">\n\t\t\t<h2 class=\"elementor-heading-title elementor-size-default\">Num\u00e9ro d'entreprise:<\/h2>\t\t<\/div>\n\t\t\t\t<\/div>\n\t\t\t\t<div class=\"elementor-element elementor-element-88d3ceb elementor-widget elementor-widget-text-editor\" data-id=\"88d3ceb\" data-element_type=\"widget\" data-widget_type=\"text-editor.default\">\n\t\t\t\t<div class=\"elementor-widget-container\">\n\t\t\t\t\t\t\t<p>CH32030409913<br><br><br>Nous sommes heureux que vous vous int\u00e9ressiez \u00e0 Elcotherm AG et \u00e0 notre offre. Veuillez pr\u00eater attention aux informations suivantes. En utilisant notre site Web, vous acceptez express\u00e9ment les conditions suivantes.<br>Le droit suisse s&rsquo;applique.<\/p>\t\t\t\t\t\t<\/div>\n\t\t\t\t<\/div>\n\t\t\t\t<div class=\"elementor-element elementor-element-84ba030 elementor-widget elementor-widget-heading\" data-id=\"84ba030\" data-element_type=\"widget\" data-widget_type=\"heading.default\">\n\t\t\t\t<div class=\"elementor-widget-container\">\n\t\t\t<h2 class=\"elementor-heading-title elementor-size-default\">Clause de non-responsabilit\u00e9 g\u00e9n\u00e9rale<\/h2>\t\t<\/div>\n\t\t\t\t<\/div>\n\t\t\t\t<div class=\"elementor-element elementor-element-055ff03 elementor-widget elementor-widget-text-editor\" data-id=\"055ff03\" data-element_type=\"widget\" data-widget_type=\"text-editor.default\">\n\t\t\t\t<div class=\"elementor-widget-container\">\n\t\t\t\t\t\t\t<p>Le contenu de ce site Web est \u00e0 titre informatif uniquement et ne constitue pas une offre ferme. La transmission d&rsquo;informations \u00e0 partir de notre site Web ou leur r\u00e9cup\u00e9ration et r\u00e9ception n&rsquo;\u00e9tablit pas de relation contractuelle entre le destinataire et Elcotherm AG ou toute autre relation juridique.<br><br>Elcotherm AG ne garantit pas que les informations mises \u00e0 disposition sur Internet sont \u00e0 tout moment actualis\u00e9es, correctes et compl\u00e8tes. S&rsquo;il existe des liens vers des sites Web de tiers sur ce site Web, Elcotherm AG n&rsquo;assume aucune responsabilit\u00e9 quant \u00e0 leur fonction technique et leur contenu. Toute responsabilit\u00e9 pour les dommages r\u00e9sultant directement ou indirectement de l&rsquo;utilisation de ce site Web est exclue dans la mesure permise par la loi.<br><br>Elcotherm AG se r\u00e9serve le droit de modifier ou de supprimer des informations individuelles ou des fonctionnalit\u00e9s \u00e0 tout moment et sans pr\u00e9avis.<\/p>\t\t\t\t\t\t<\/div>\n\t\t\t\t<\/div>\n\t\t\t\t<div class=\"elementor-element elementor-element-9f7128c elementor-widget elementor-widget-heading\" data-id=\"9f7128c\" data-element_type=\"widget\" data-widget_type=\"heading.default\">\n\t\t\t\t<div class=\"elementor-widget-container\">\n\t\t\t<h2 class=\"elementor-heading-title elementor-size-default\">Propri\u00e9t\u00e9 intellectuelle<\/h2>\t\t<\/div>\n\t\t\t\t<\/div>\n\t\t\t\t<div class=\"elementor-element elementor-element-dcb2560 elementor-widget elementor-widget-text-editor\" data-id=\"dcb2560\" data-element_type=\"widget\" data-widget_type=\"text-editor.default\">\n\t\t\t\t<div class=\"elementor-widget-container\">\n\t\t\t\t\t\t\t<p>Sauf indication contraire, tous les droits sur les informations, textes, images, illustrations, graphiques, animations, vid\u00e9os, documents sonores, etc. utilis\u00e9s ici sont d\u00e9tenus par Elcotherm AG ou une soci\u00e9t\u00e9 associ\u00e9e du groupe. Le contenu de ce site Web ne peut \u00eatre copi\u00e9, distribu\u00e9 ou modifi\u00e9 \u00e0 des fins commerciales sans notre autorisation \u00e9crite pr\u00e9alable.<\/p>\t\t\t\t\t\t<\/div>\n\t\t\t\t<\/div>\n\t\t\t\t<div class=\"elementor-element elementor-element-28c33db elementor-widget elementor-widget-heading\" data-id=\"28c33db\" data-element_type=\"widget\" data-widget_type=\"heading.default\">\n\t\t\t\t<div class=\"elementor-widget-container\">\n\t\t\t<h2 class=\"elementor-heading-title elementor-size-default\">intimit\u00e9<\/h2>\t\t<\/div>\n\t\t\t\t<\/div>\n\t\t\t\t<div class=\"elementor-element elementor-element-8b6ab5e elementor-widget elementor-widget-text-editor\" data-id=\"8b6ab5e\" data-element_type=\"widget\" data-widget_type=\"text-editor.default\">\n\t\t\t\t<div class=\"elementor-widget-container\">\n\t\t\t\t\t\t\t<p>La s\u00e9curit\u00e9 de vos donn\u00e9es personnelles est d&rsquo;une grande importance pour nous. Bien entendu, nous traitons vos donn\u00e9es personnelles de mani\u00e8re responsable, en tenant compte des dispositions de la loi suisse sur la protection des donn\u00e9es. Dans notre d\u00e9claration <a title=\"Protection des donn\u00e9es\" href=\"https:\/\/elco.ch\/de\/datenschutzerklaerung\/\" rel=\"self\">de protection des donn\u00e9es<\/a> , nous vous informons des donn\u00e9es que nous collectons, traitons et stockons et dans quel but.<\/p>\t\t\t\t\t\t<\/div>\n\t\t\t\t<\/div>\n\t\t\t\t\t<\/div>\n\t\t<\/div>\n\t\t\t\t\t\t\t<\/div>\n\t\t<\/section>\n\t\t\t\t\t\t<\/div>\n\t\t\t\t\t<\/div>\n\t\t","protected":false},"excerpt":{"rendered":"<p>IMPRIMER Quartier g\u00e9n\u00e9ral: Elcotherm AG, Sarganserstrasse 100, 7324 Vilters, SuisseT\u00e9l\u00e9phone : +41 81 725 25 25T\u00e9l\u00e9copie : +41 81 723 13 59info@ch.elco.netwww.elco.ch Directeur g\u00e9n\u00e9ral: Ren\u00e9 Schuermann Coordonn\u00e9es bancaires: UBS Suisse SA, 8098 ZurichNum\u00e9ro de compte CHF 230-108178.01Vd\u00e9gagement non. 230IBAN : CH94 0023 0230 1081 7801 VCode Swift : UBSWCHZH80A N\u00b0 UID&nbsp;: CHE-103.097.491 TVA Num\u00e9ro d&rsquo;entreprise: [&hellip;]<\/p>\n","protected":false},"author":1,"featured_media":0,"parent":0,"menu_order":0,"comment_status":"closed","ping_status":"closed","template":"","meta":{"footnotes":""},"class_list":["post-344","page","type-page","status-publish","hentry"],"acf":[],"_links":{"self":[{"href":"https:\/\/elco.agenturamflughafen.com\/fr\/wp-json\/wp\/v2\/pages\/344","targetHints":{"allow":["GET"]}}],"collection":[{"href":"https:\/\/elco.agenturamflughafen.com\/fr\/wp-json\/wp\/v2\/pages"}],"about":[{"href":"https:\/\/elco.agenturamflughafen.com\/fr\/wp-json\/wp\/v2\/types\/page"}],"author":[{"embeddable":true,"href":"https:\/\/elco.agenturamflughafen.com\/fr\/wp-json\/wp\/v2\/users\/1"}],"replies":[{"embeddable":true,"href":"https:\/\/elco.agenturamflughafen.com\/fr\/wp-json\/wp\/v2\/comments?post=344"}],"version-history":[{"count":16,"href":"https:\/\/elco.agenturamflughafen.com\/fr\/wp-json\/wp\/v2\/pages\/344\/revisions"}],"predecessor-version":[{"id":503,"href":"https:\/\/elco.agenturamflughafen.com\/fr\/wp-json\/wp\/v2\/pages\/344\/revisions\/503"}],"wp:attachment":[{"href":"https:\/\/elco.agenturamflughafen.com\/fr\/wp-json\/wp\/v2\/media?parent=344"}],"curies":[{"name":"wp","href":"https:\/\/api.w.org\/{rel}","templated":true}]}}